{"id":517,"date":"2023-09-19T09:56:48","date_gmt":"2023-09-19T09:56:48","guid":{"rendered":"https:\/\/creaplay.swiss\/contact\/"},"modified":"2023-09-28T11:17:43","modified_gmt":"2023-09-28T11:17:43","slug":"contact","status":"publish","type":"page","link":"https:\/\/creaplay.swiss\/fr\/contact\/","title":{"rendered":"Contact"},"content":{"rendered":"<p><div class=\"fusion-fullwidth fullwidth-box fusion-builder-row-1 fusion-flex-container has-pattern-background has-mask-background nonhundred-percent-fullwidth non-hundred-percent-height-scrolling\" style=\"--awb-border-radius-top-left:0px;--awb-border-radius-top-right:0px;--awb-border-radius-bottom-right:0px;--awb-border-radius-bottom-left:0px;--awb-flex-wrap:wrap;\" ><div class=\"fusion-builder-row fusion-row fusion-flex-align-items-flex-start fusion-flex-content-wrap\" style=\"max-width:1248px;margin-left: calc(-4% \/ 2 );margin-right: calc(-4% \/ 2 );\"><div class=\"fusion-layout-column fusion_builder_column fusion-builder-column-0 fusion_builder_column_1_1 1_1 fusion-flex-column\" style=\"--awb-bg-size:cover;--awb-width-large:100%;--awb-margin-top-large:0px;--awb-spacing-right-large:1.92%;--awb-margin-bottom-large:20px;--awb-spacing-left-large:1.92%;--awb-width-medium:100%;--awb-order-medium:0;--awb-spacing-right-medium:1.92%;--awb-spacing-left-medium:1.92%;--awb-width-small:100%;--awb-order-small:0;--awb-spacing-right-small:1.92%;--awb-spacing-left-small:1.92%;\"><div class=\"fusion-column-wrapper fusion-column-has-shadow fusion-flex-justify-content-flex-start fusion-content-layout-column\"><div class=\"fusion-text fusion-text-1\"><h1>Contactez-nous pour des aires de jeux s\u00fbres!<\/h1>\n<p>Chez nous, la s\u00e9curit\u00e9 de vos aires de jeux est prioritaire. Vous avez des questions sur nos prestations, tests HIC ou vous voulez demander une inspection? Nous sommes l\u00e0 pour vous aider!<\/p>\n<\/div><\/div><\/div><\/div><\/div><div class=\"fusion-fullwidth fullwidth-box fusion-builder-row-2 fusion-flex-container has-pattern-background has-mask-background nonhundred-percent-fullwidth non-hundred-percent-height-scrolling\" style=\"--awb-border-radius-top-left:0px;--awb-border-radius-top-right:0px;--awb-border-radius-bottom-right:0px;--awb-border-radius-bottom-left:0px;--awb-flex-wrap:wrap;\" ><div class=\"fusion-builder-row fusion-row fusion-flex-align-items-flex-start fusion-flex-content-wrap\" style=\"max-width:1248px;margin-left: calc(-4% \/ 2 );margin-right: calc(-4% \/ 2 );\"><div class=\"fusion-layout-column fusion_builder_column fusion-builder-column-1 fusion_builder_column_1_3 1_3 fusion-flex-column\" style=\"--awb-padding-top:20px;--awb-bg-size:cover;--awb-border-color:var(--awb-color1);--awb-border-top:2px;--awb-border-style:solid;--awb-width-large:33.333333333333%;--awb-margin-top-large:0px;--awb-spacing-right-large:5.76%;--awb-margin-bottom-large:20px;--awb-spacing-left-large:5.76%;--awb-width-medium:33.333333333333%;--awb-order-medium:0;--awb-spacing-right-medium:5.76%;--awb-spacing-left-medium:5.76%;--awb-width-small:100%;--awb-order-small:0;--awb-spacing-right-small:1.92%;--awb-spacing-left-small:1.92%;\" data-scroll-devices=\"small-visibility,medium-visibility,large-visibility\"><div class=\"fusion-column-wrapper fusion-column-has-shadow fusion-flex-justify-content-flex-start fusion-content-layout-column\"><div class=\"fusion-menu-anchor\" id=\"adresse\"><\/div><div class=\"fusion-text fusion-text-2\"><p><strong>creaplay AG<\/strong><br \/>\nS\u00e9curit\u00e9 des aires de jeux<br \/>\nBaselstrasse 44<br \/>\n6252 Dagmersellen<\/p>\n<\/div><div ><a class=\"fusion-button button-flat fusion-button-default-size button-custom fusion-button-default button-1 fusion-button-default-span fusion-button-default-type\" style=\"--button_accent_color:var(--awb-color5);--button_accent_hover_color:var(--awb-color1);--button_border_hover_color:var(--awb-color1);--button_gradient_top_color:var(--awb-color1);--button_gradient_bottom_color:var(--awb-color1);--button_gradient_top_color_hover:var(--awb-color5);--button_gradient_bottom_color_hover:var(--awb-color5);--button_text_transform:uppercase;--button_font_size:22px;--button_typography-letter-spacing:0.04em;--button_typography-font-family:&quot;Ciutadella Bold&quot;;--button_typography-font-style:normal;--button_typography-font-weight:400;--button_margin-top:10px;--button_margin-bottom:30px;\" target=\"_self\" href=\"tel:0419251414\"><i class=\"fa-phone-alt fas awb-button__icon awb-button__icon--default button-icon-left\" aria-hidden=\"true\"><\/i><span class=\"fusion-button-text awb-button__text awb-button__text--default\">041 925 14 14<\/span><\/a><\/div><div ><a class=\"fusion-button button-flat fusion-button-default-size button-custom fusion-button-default button-2 fusion-button-default-span fusion-button-default-type\" style=\"--button_accent_color:var(--awb-color5);--button_accent_hover_color:var(--awb-color1);--button_border_hover_color:var(--awb-color1);--button_gradient_top_color:var(--awb-color1);--button_gradient_bottom_color:var(--awb-color1);--button_gradient_top_color_hover:var(--awb-color5);--button_gradient_bottom_color_hover:var(--awb-color5);--button_text_transform:uppercase;--button_font_size:22px;--button_typography-letter-spacing:0.04em;--button_typography-font-family:&quot;Ciutadella Bold&quot;;--button_typography-font-style:normal;--button_typography-font-weight:400;--button_margin-bottom:30px;\" target=\"_self\" href=\"mailto:info@creaplay.swiss\"><i class=\"fa-envelope fas awb-button__icon awb-button__icon--default button-icon-left\" aria-hidden=\"true\"><\/i><span class=\"fusion-button-text awb-button__text awb-button__text--default\">info@creaplay.swiss<\/span><\/a><\/div><\/div><\/div><div class=\"fusion-layout-column fusion_builder_column fusion-builder-column-2 fusion_builder_column_1_3 1_3 fusion-flex-column\" style=\"--awb-bg-size:cover;--awb-width-large:33.333333333333%;--awb-margin-top-large:0px;--awb-spacing-right-large:5.76%;--awb-margin-bottom-large:20px;--awb-spacing-left-large:5.76%;--awb-width-medium:33.333333333333%;--awb-order-medium:0;--awb-spacing-right-medium:5.76%;--awb-spacing-left-medium:5.76%;--awb-width-small:100%;--awb-order-small:0;--awb-spacing-right-small:1.92%;--awb-spacing-left-small:1.92%;\" data-scroll-devices=\"small-visibility,medium-visibility,large-visibility\"><div class=\"fusion-column-wrapper fusion-column-has-shadow fusion-flex-justify-content-flex-start fusion-content-layout-column\"><div class=\"fusion-image-element \" style=\"--awb-margin-bottom:30px;--awb-caption-title-font-family:var(--h2_typography-font-family);--awb-caption-title-font-weight:var(--h2_typography-font-weight);--awb-caption-title-font-style:var(--h2_typography-font-style);--awb-caption-title-size:var(--h2_typography-font-size);--awb-caption-title-transform:var(--h2_typography-text-transform);--awb-caption-title-line-height:var(--h2_typography-line-height);--awb-caption-title-letter-spacing:var(--h2_typography-letter-spacing);\"><span class=\" fusion-imageframe imageframe-none imageframe-1 hover-type-none\"><img decoding=\"async\" width=\"826\" height=\"1000\" title=\"Creaplay-Gardo-6\" src=\"https:\/\/creaplay.swiss\/wp-content\/uploads\/2023\/09\/Creaplay-Gardo-6.jpg\" data-orig-src=\"https:\/\/creaplay.swiss\/wp-content\/uploads\/2023\/09\/Creaplay-Gardo-6.jpg\" alt class=\"lazyload img-responsive wp-image-525\" srcset=\"data:image\/svg+xml,%3Csvg%20xmlns%3D%27http%3A%2F%2Fwww.w3.org%2F2000%2Fsvg%27%20width%3D%27826%27%20height%3D%271000%27%20viewBox%3D%270%200%20826%201000%27%3E%3Crect%20width%3D%27826%27%20height%3D%271000%27%20fill-opacity%3D%220%22%2F%3E%3C%2Fsvg%3E\" data-srcset=\"https:\/\/creaplay.swiss\/wp-content\/uploads\/2023\/09\/Creaplay-Gardo-6-200x242.jpg 200w, https:\/\/creaplay.swiss\/wp-content\/uploads\/2023\/09\/Creaplay-Gardo-6-400x484.jpg 400w, https:\/\/creaplay.swiss\/wp-content\/uploads\/2023\/09\/Creaplay-Gardo-6-600x726.jpg 600w, https:\/\/creaplay.swiss\/wp-content\/uploads\/2023\/09\/Creaplay-Gardo-6-800x969.jpg 800w, https:\/\/creaplay.swiss\/wp-content\/uploads\/2023\/09\/Creaplay-Gardo-6.jpg 826w\" data-sizes=\"auto\" data-orig-sizes=\"(max-width: 640px) 100vw, 400px\" \/><\/span><\/div><div class=\"fusion-text fusion-text-3\"><p><strong>Peter Gardo<\/strong><br \/>\nSp\u00e9cialiste qualifi\u00e9 des aires de jeux<\/p>\n<\/div><\/div><\/div><div class=\"fusion-layout-column fusion_builder_column fusion-builder-column-3 fusion_builder_column_1_3 1_3 fusion-flex-column\" style=\"--awb-bg-size:cover;--awb-width-large:33.333333333333%;--awb-margin-top-large:0px;--awb-spacing-right-large:5.76%;--awb-margin-bottom-large:20px;--awb-spacing-left-large:5.76%;--awb-width-medium:33.333333333333%;--awb-order-medium:0;--awb-spacing-right-medium:5.76%;--awb-spacing-left-medium:5.76%;--awb-width-small:100%;--awb-order-small:0;--awb-spacing-right-small:1.92%;--awb-spacing-left-small:1.92%;\" data-scroll-devices=\"small-visibility,medium-visibility,large-visibility\"><div class=\"fusion-column-wrapper fusion-column-has-shadow fusion-flex-justify-content-flex-start fusion-content-layout-column\"><div class=\"fusion-image-element \" style=\"--awb-margin-bottom:30px;--awb-caption-title-font-family:var(--h2_typography-font-family);--awb-caption-title-font-weight:var(--h2_typography-font-weight);--awb-caption-title-font-style:var(--h2_typography-font-style);--awb-caption-title-size:var(--h2_typography-font-size);--awb-caption-title-transform:var(--h2_typography-text-transform);--awb-caption-title-line-height:var(--h2_typography-line-height);--awb-caption-title-letter-spacing:var(--h2_typography-letter-spacing);\"><span class=\" fusion-imageframe imageframe-none imageframe-2 hover-type-none\"><img decoding=\"async\" width=\"826\" height=\"1000\" title=\"Creaplay-Grimm\" src=\"https:\/\/creaplay.swiss\/wp-content\/uploads\/2023\/09\/Creaplay-Grimm.jpg\" data-orig-src=\"https:\/\/creaplay.swiss\/wp-content\/uploads\/2023\/09\/Creaplay-Grimm.jpg\" alt class=\"lazyload img-responsive wp-image-523\" srcset=\"data:image\/svg+xml,%3Csvg%20xmlns%3D%27http%3A%2F%2Fwww.w3.org%2F2000%2Fsvg%27%20width%3D%27826%27%20height%3D%271000%27%20viewBox%3D%270%200%20826%201000%27%3E%3Crect%20width%3D%27826%27%20height%3D%271000%27%20fill-opacity%3D%220%22%2F%3E%3C%2Fsvg%3E\" data-srcset=\"https:\/\/creaplay.swiss\/wp-content\/uploads\/2023\/09\/Creaplay-Grimm-200x242.jpg 200w, https:\/\/creaplay.swiss\/wp-content\/uploads\/2023\/09\/Creaplay-Grimm-400x484.jpg 400w, https:\/\/creaplay.swiss\/wp-content\/uploads\/2023\/09\/Creaplay-Grimm-600x726.jpg 600w, https:\/\/creaplay.swiss\/wp-content\/uploads\/2023\/09\/Creaplay-Grimm-800x969.jpg 800w, https:\/\/creaplay.swiss\/wp-content\/uploads\/2023\/09\/Creaplay-Grimm.jpg 826w\" data-sizes=\"auto\" data-orig-sizes=\"(max-width: 640px) 100vw, 400px\" \/><\/span><\/div><div class=\"fusion-text fusion-text-4\"><p><strong>Andreas Grimm<\/strong><br \/>\nSp\u00e9cialiste qualifi\u00e9 des aires de jeux<\/p>\n<\/div><\/div><\/div><\/div><\/div><div class=\"fusion-fullwidth fullwidth-box fusion-builder-row-3 fusion-flex-container has-pattern-background has-mask-background nonhundred-percent-fullwidth non-hundred-percent-height-scrolling\" style=\"--awb-border-radius-top-left:0px;--awb-border-radius-top-right:0px;--awb-border-radius-bottom-right:0px;--awb-border-radius-bottom-left:0px;--awb-margin-top:30px;--awb-flex-wrap:wrap;\" ><div class=\"fusion-builder-row fusion-row fusion-flex-align-items-flex-start fusion-flex-content-wrap\" style=\"max-width:1248px;margin-left: calc(-4% \/ 2 );margin-right: calc(-4% \/ 2 );\"><div class=\"fusion-layout-column fusion_builder_column fusion-builder-column-4 fusion_builder_column_1_3 1_3 fusion-flex-column\" style=\"--awb-bg-size:cover;--awb-width-large:33.333333333333%;--awb-margin-top-large:0px;--awb-spacing-right-large:5.76%;--awb-margin-bottom-large:20px;--awb-spacing-left-large:5.76%;--awb-width-medium:33.333333333333%;--awb-order-medium:0;--awb-spacing-right-medium:5.76%;--awb-spacing-left-medium:5.76%;--awb-width-small:100%;--awb-order-small:0;--awb-spacing-right-small:1.92%;--awb-spacing-left-small:1.92%;\"><div class=\"fusion-column-wrapper fusion-column-has-shadow fusion-flex-justify-content-flex-start fusion-content-layout-column\"><\/div><\/div><div class=\"fusion-layout-column fusion_builder_column fusion-builder-column-5 fusion_builder_column_2_3 2_3 fusion-flex-column\" style=\"--awb-bg-size:cover;--awb-width-large:66.666666666667%;--awb-margin-top-large:0px;--awb-spacing-right-large:2.88%;--awb-margin-bottom-large:20px;--awb-spacing-left-large:2.88%;--awb-width-medium:66.666666666667%;--awb-order-medium:0;--awb-spacing-right-medium:2.88%;--awb-spacing-left-medium:2.88%;--awb-width-small:100%;--awb-order-small:0;--awb-spacing-right-small:1.92%;--awb-spacing-left-small:1.92%;\"><div class=\"fusion-column-wrapper fusion-column-has-shadow fusion-flex-justify-content-flex-start fusion-content-layout-column\"><div class=\"fusion-text fusion-text-5\"><p><strong>\u00abNous nous engageons en faveur de la s\u00e9curit\u00e9 des aires de jeux. N\u2019h\u00e9sitez pas \u00e0 nous contacter si vous avez des doutes ou des questions. Ensemble, nous cr\u00e9ons des espaces de jeux s\u00fbrs!\u00bb<\/strong><\/p>\n<\/div><\/div><\/div><\/div><\/div><\/p>\n","protected":false},"excerpt":{"rendered":"","protected":false},"author":1,"featured_media":521,"parent":0,"menu_order":0,"comment_status":"closed","ping_status":"closed","template":"100-width.php","meta":{"footnotes":""},"class_list":["post-517","page","type-page","status-publish","has-post-thumbnail","hentry"],"yoast_head":"<!-- This site is optimized with the Yoast SEO plugin v27.5 - https:\/\/yoast.com\/product\/yoast-seo-wordpress\/ -->\n<title>Contact - creaplay AG<\/title>\n<meta name=\"robots\" content=\"index, follow, max-snippet:-1, max-image-preview:large, max-video-preview:-1\" \/>\n<link rel=\"canonical\" href=\"https:\/\/creaplay.swiss\/fr\/contact\/\" \/>\n<script type=\"application\/ld+json\" class=\"yoast-schema-graph\">{\"@context\":\"https:\\\/\\\/schema.org\",\"@graph\":[{\"@type\":\"WebPage\",\"@id\":\"https:\\\/\\\/creaplay.swiss\\\/fr\\\/contact\\\/\",\"url\":\"https:\\\/\\\/creaplay.swiss\\\/fr\\\/contact\\\/\",\"name\":\"Contact - creaplay AG\",\"isPartOf\":{\"@id\":\"https:\\\/\\\/creaplay.swiss\\\/#website\"},\"primaryImageOfPage\":{\"@id\":\"https:\\\/\\\/creaplay.swiss\\\/fr\\\/contact\\\/#primaryimage\"},\"image\":{\"@id\":\"https:\\\/\\\/creaplay.swiss\\\/fr\\\/contact\\\/#primaryimage\"},\"thumbnailUrl\":\"https:\\\/\\\/creaplay.swiss\\\/wp-content\\\/uploads\\\/2023\\\/09\\\/creaplay-Spielplatzsicherheit-17.jpg\",\"datePublished\":\"2023-09-19T09:56:48+00:00\",\"dateModified\":\"2023-09-28T11:17:43+00:00\",\"breadcrumb\":{\"@id\":\"https:\\\/\\\/creaplay.swiss\\\/fr\\\/contact\\\/#breadcrumb\"},\"inLanguage\":\"fr-FR\",\"potentialAction\":[{\"@type\":\"ReadAction\",\"target\":[\"https:\\\/\\\/creaplay.swiss\\\/fr\\\/contact\\\/\"]}]},{\"@type\":\"ImageObject\",\"inLanguage\":\"fr-FR\",\"@id\":\"https:\\\/\\\/creaplay.swiss\\\/fr\\\/contact\\\/#primaryimage\",\"url\":\"https:\\\/\\\/creaplay.swiss\\\/wp-content\\\/uploads\\\/2023\\\/09\\\/creaplay-Spielplatzsicherheit-17.jpg\",\"contentUrl\":\"https:\\\/\\\/creaplay.swiss\\\/wp-content\\\/uploads\\\/2023\\\/09\\\/creaplay-Spielplatzsicherheit-17.jpg\",\"width\":2000,\"height\":1335},{\"@type\":\"BreadcrumbList\",\"@id\":\"https:\\\/\\\/creaplay.swiss\\\/fr\\\/contact\\\/#breadcrumb\",\"itemListElement\":[{\"@type\":\"ListItem\",\"position\":1,\"name\":\"Startseite\",\"item\":\"https:\\\/\\\/creaplay.swiss\\\/fr\\\/\"},{\"@type\":\"ListItem\",\"position\":2,\"name\":\"Contact\"}]},{\"@type\":\"WebSite\",\"@id\":\"https:\\\/\\\/creaplay.swiss\\\/#website\",\"url\":\"https:\\\/\\\/creaplay.swiss\\\/\",\"name\":\"creaplay AG\",\"description\":\"S\u00e9curit\u00e9 des aires de jeux\",\"publisher\":{\"@id\":\"https:\\\/\\\/creaplay.swiss\\\/#organization\"},\"potentialAction\":[{\"@type\":\"SearchAction\",\"target\":{\"@type\":\"EntryPoint\",\"urlTemplate\":\"https:\\\/\\\/creaplay.swiss\\\/?s={search_term_string}\"},\"query-input\":{\"@type\":\"PropertyValueSpecification\",\"valueRequired\":true,\"valueName\":\"search_term_string\"}}],\"inLanguage\":\"fr-FR\"},{\"@type\":\"Organization\",\"@id\":\"https:\\\/\\\/creaplay.swiss\\\/#organization\",\"name\":\"creaplay AG\",\"url\":\"https:\\\/\\\/creaplay.swiss\\\/\",\"logo\":{\"@type\":\"ImageObject\",\"inLanguage\":\"fr-FR\",\"@id\":\"https:\\\/\\\/creaplay.swiss\\\/#\\\/schema\\\/logo\\\/image\\\/\",\"url\":\"https:\\\/\\\/creaplay.swiss\\\/wp-content\\\/uploads\\\/2023\\\/09\\\/creaplay-Logo.jpg\",\"contentUrl\":\"https:\\\/\\\/creaplay.swiss\\\/wp-content\\\/uploads\\\/2023\\\/09\\\/creaplay-Logo.jpg\",\"width\":627,\"height\":363,\"caption\":\"creaplay AG\"},\"image\":{\"@id\":\"https:\\\/\\\/creaplay.swiss\\\/#\\\/schema\\\/logo\\\/image\\\/\"}}]}<\/script>\n<!-- \/ Yoast SEO plugin. -->","yoast_head_json":{"title":"Contact - creaplay AG","robots":{"index":"index","follow":"follow","max-snippet":"max-snippet:-1","max-image-preview":"max-image-preview:large","max-video-preview":"max-video-preview:-1"},"canonical":"https:\/\/creaplay.swiss\/fr\/contact\/","schema":{"@context":"https:\/\/schema.org","@graph":[{"@type":"WebPage","@id":"https:\/\/creaplay.swiss\/fr\/contact\/","url":"https:\/\/creaplay.swiss\/fr\/contact\/","name":"Contact - creaplay AG","isPartOf":{"@id":"https:\/\/creaplay.swiss\/#website"},"primaryImageOfPage":{"@id":"https:\/\/creaplay.swiss\/fr\/contact\/#primaryimage"},"image":{"@id":"https:\/\/creaplay.swiss\/fr\/contact\/#primaryimage"},"thumbnailUrl":"https:\/\/creaplay.swiss\/wp-content\/uploads\/2023\/09\/creaplay-Spielplatzsicherheit-17.jpg","datePublished":"2023-09-19T09:56:48+00:00","dateModified":"2023-09-28T11:17:43+00:00","breadcrumb":{"@id":"https:\/\/creaplay.swiss\/fr\/contact\/#breadcrumb"},"inLanguage":"fr-FR","potentialAction":[{"@type":"ReadAction","target":["https:\/\/creaplay.swiss\/fr\/contact\/"]}]},{"@type":"ImageObject","inLanguage":"fr-FR","@id":"https:\/\/creaplay.swiss\/fr\/contact\/#primaryimage","url":"https:\/\/creaplay.swiss\/wp-content\/uploads\/2023\/09\/creaplay-Spielplatzsicherheit-17.jpg","contentUrl":"https:\/\/creaplay.swiss\/wp-content\/uploads\/2023\/09\/creaplay-Spielplatzsicherheit-17.jpg","width":2000,"height":1335},{"@type":"BreadcrumbList","@id":"https:\/\/creaplay.swiss\/fr\/contact\/#breadcrumb","itemListElement":[{"@type":"ListItem","position":1,"name":"Startseite","item":"https:\/\/creaplay.swiss\/fr\/"},{"@type":"ListItem","position":2,"name":"Contact"}]},{"@type":"WebSite","@id":"https:\/\/creaplay.swiss\/#website","url":"https:\/\/creaplay.swiss\/","name":"creaplay AG","description":"S\u00e9curit\u00e9 des aires de jeux","publisher":{"@id":"https:\/\/creaplay.swiss\/#organization"},"potentialAction":[{"@type":"SearchAction","target":{"@type":"EntryPoint","urlTemplate":"https:\/\/creaplay.swiss\/?s={search_term_string}"},"query-input":{"@type":"PropertyValueSpecification","valueRequired":true,"valueName":"search_term_string"}}],"inLanguage":"fr-FR"},{"@type":"Organization","@id":"https:\/\/creaplay.swiss\/#organization","name":"creaplay AG","url":"https:\/\/creaplay.swiss\/","logo":{"@type":"ImageObject","inLanguage":"fr-FR","@id":"https:\/\/creaplay.swiss\/#\/schema\/logo\/image\/","url":"https:\/\/creaplay.swiss\/wp-content\/uploads\/2023\/09\/creaplay-Logo.jpg","contentUrl":"https:\/\/creaplay.swiss\/wp-content\/uploads\/2023\/09\/creaplay-Logo.jpg","width":627,"height":363,"caption":"creaplay AG"},"image":{"@id":"https:\/\/creaplay.swiss\/#\/schema\/logo\/image\/"}}]}},"_links":{"self":[{"href":"https:\/\/creaplay.swiss\/fr\/wp-json\/wp\/v2\/pages\/517","targetHints":{"allow":["GET"]}}],"collection":[{"href":"https:\/\/creaplay.swiss\/fr\/wp-json\/wp\/v2\/pages"}],"about":[{"href":"https:\/\/creaplay.swiss\/fr\/wp-json\/wp\/v2\/types\/page"}],"author":[{"embeddable":true,"href":"https:\/\/creaplay.swiss\/fr\/wp-json\/wp\/v2\/users\/1"}],"replies":[{"embeddable":true,"href":"https:\/\/creaplay.swiss\/fr\/wp-json\/wp\/v2\/comments?post=517"}],"version-history":[{"count":5,"href":"https:\/\/creaplay.swiss\/fr\/wp-json\/wp\/v2\/pages\/517\/revisions"}],"predecessor-version":[{"id":621,"href":"https:\/\/creaplay.swiss\/fr\/wp-json\/wp\/v2\/pages\/517\/revisions\/621"}],"wp:featuredmedia":[{"embeddable":true,"href":"https:\/\/creaplay.swiss\/fr\/wp-json\/wp\/v2\/media\/521"}],"wp:attachment":[{"href":"https:\/\/creaplay.swiss\/fr\/wp-json\/wp\/v2\/media?parent=517"}],"curies":[{"name":"wp","href":"https:\/\/api.w.org\/{rel}","templated":true}]}}