{"id":533,"date":"2023-09-19T09:56:38","date_gmt":"2023-09-19T09:56:38","guid":{"rendered":"https:\/\/creaplay.swiss\/tests-hic\/"},"modified":"2023-09-28T11:18:25","modified_gmt":"2023-09-28T11:18:25","slug":"tests-hic","status":"publish","type":"page","link":"https:\/\/creaplay.swiss\/fr\/tests-hic\/","title":{"rendered":"TESTS HIC"},"content":{"rendered":"<p><div class=\"fusion-fullwidth fullwidth-box fusion-builder-row-1 fusion-flex-container has-pattern-background has-mask-background nonhundred-percent-fullwidth non-hundred-percent-height-scrolling\" style=\"--awb-border-radius-top-left:0px;--awb-border-radius-top-right:0px;--awb-border-radius-bottom-right:0px;--awb-border-radius-bottom-left:0px;--awb-margin-bottom:50px;--awb-flex-wrap:wrap;\" ><div class=\"fusion-builder-row fusion-row fusion-flex-align-items-flex-start fusion-flex-content-wrap\" style=\"max-width:1248px;margin-left: calc(-4% \/ 2 );margin-right: calc(-4% \/ 2 );\"><div class=\"fusion-layout-column fusion_builder_column fusion-builder-column-0 fusion_builder_column_1_1 1_1 fusion-flex-column\" style=\"--awb-bg-size:cover;--awb-width-large:100%;--awb-margin-top-large:0px;--awb-spacing-right-large:1.92%;--awb-margin-bottom-large:20px;--awb-spacing-left-large:1.92%;--awb-width-medium:100%;--awb-order-medium:0;--awb-spacing-right-medium:1.92%;--awb-spacing-left-medium:1.92%;--awb-width-small:100%;--awb-order-small:0;--awb-spacing-right-small:1.92%;--awb-spacing-left-small:1.92%;\"><div class=\"fusion-column-wrapper fusion-column-has-shadow fusion-flex-justify-content-flex-start fusion-content-layout-column\"><div class=\"fusion-text fusion-text-1\"><h1>Tests HIC pour la s\u00e9curit\u00e9 optimale des aires de jeux<\/h1>\n<\/div><div class=\"fusion-image-element \" style=\"--awb-max-width:350px;--awb-caption-title-font-family:var(--h2_typography-font-family);--awb-caption-title-font-weight:var(--h2_typography-font-weight);--awb-caption-title-font-style:var(--h2_typography-font-style);--awb-caption-title-size:var(--h2_typography-font-size);--awb-caption-title-transform:var(--h2_typography-text-transform);--awb-caption-title-line-height:var(--h2_typography-line-height);--awb-caption-title-letter-spacing:var(--h2_typography-letter-spacing);\"><span class=\" fusion-imageframe imageframe-none imageframe-1 hover-type-none\"><img decoding=\"async\" width=\"800\" height=\"503\" title=\"creaplay-Spielplatzsicherheit-11\" src=\"https:\/\/creaplay.swiss\/wp-content\/uploads\/2023\/09\/creaplay-Spielplatzsicherheit-11.png\" data-orig-src=\"https:\/\/creaplay.swiss\/wp-content\/uploads\/2023\/09\/creaplay-Spielplatzsicherheit-11.png\" alt class=\"lazyload img-responsive wp-image-536\" srcset=\"data:image\/svg+xml,%3Csvg%20xmlns%3D%27http%3A%2F%2Fwww.w3.org%2F2000%2Fsvg%27%20width%3D%27800%27%20height%3D%27503%27%20viewBox%3D%270%200%20800%20503%27%3E%3Crect%20width%3D%27800%27%20height%3D%27503%27%20fill-opacity%3D%220%22%2F%3E%3C%2Fsvg%3E\" data-srcset=\"https:\/\/creaplay.swiss\/wp-content\/uploads\/2023\/09\/creaplay-Spielplatzsicherheit-11-200x126.png 200w, https:\/\/creaplay.swiss\/wp-content\/uploads\/2023\/09\/creaplay-Spielplatzsicherheit-11-400x252.png 400w, https:\/\/creaplay.swiss\/wp-content\/uploads\/2023\/09\/creaplay-Spielplatzsicherheit-11-600x377.png 600w, https:\/\/creaplay.swiss\/wp-content\/uploads\/2023\/09\/creaplay-Spielplatzsicherheit-11.png 800w\" data-sizes=\"auto\" data-orig-sizes=\"(max-width: 640px) 100vw, 800px\" \/><\/span><\/div><\/div><\/div><\/div><\/div><div class=\"fusion-fullwidth fullwidth-box fusion-builder-row-2 fusion-flex-container has-pattern-background has-mask-background nonhundred-percent-fullwidth non-hundred-percent-height-scrolling\" style=\"--awb-border-radius-top-left:0px;--awb-border-radius-top-right:0px;--awb-border-radius-bottom-right:0px;--awb-border-radius-bottom-left:0px;--awb-flex-wrap:wrap;\" ><div class=\"fusion-builder-row fusion-row fusion-flex-align-items-flex-start fusion-flex-content-wrap\" style=\"max-width:1248px;margin-left: calc(-4% \/ 2 );margin-right: calc(-4% \/ 2 );\"><div class=\"fusion-layout-column fusion_builder_column fusion-builder-column-1 fusion_builder_column_1_2 1_2 fusion-flex-column\" style=\"--awb-bg-size:cover;--awb-border-color:var(--awb-color1);--awb-border-top:2px;--awb-border-style:solid;--awb-width-large:50%;--awb-margin-top-large:0px;--awb-spacing-right-large:3.84%;--awb-margin-bottom-large:50px;--awb-spacing-left-large:3.84%;--awb-width-medium:50%;--awb-order-medium:0;--awb-spacing-right-medium:3.84%;--awb-spacing-left-medium:3.84%;--awb-width-small:100%;--awb-order-small:0;--awb-spacing-right-small:1.92%;--awb-spacing-left-small:1.92%;\" data-scroll-devices=\"small-visibility,medium-visibility,large-visibility\"><div class=\"fusion-column-wrapper fusion-column-has-shadow fusion-flex-justify-content-flex-start fusion-content-layout-column\"><div class=\"fusion-text fusion-text-2\"><h2>Importance de la protection antichute sur les aires de jeux<\/h2>\n<p>La plupart des accidents sur les aires de jeux sont dus \u00e0 des chutes de hauteur. Le mauvais temps en hiver, le vieillissement et l\u2019usure des sols r\u00e9duisent les propri\u00e9t\u00e9s d\u2019amortissement de la protection antichute.<\/p>\n<\/div><\/div><\/div><div class=\"fusion-layout-column fusion_builder_column fusion-builder-column-2 fusion_builder_column_1_2 1_2 fusion-flex-column\" style=\"--awb-bg-size:cover;--awb-border-color:var(--awb-color1);--awb-border-top:2px;--awb-border-style:solid;--awb-width-large:50%;--awb-margin-top-large:0px;--awb-spacing-right-large:3.84%;--awb-margin-bottom-large:50px;--awb-spacing-left-large:3.84%;--awb-width-medium:50%;--awb-order-medium:0;--awb-spacing-right-medium:3.84%;--awb-spacing-left-medium:3.84%;--awb-width-small:100%;--awb-order-small:0;--awb-spacing-right-small:1.92%;--awb-spacing-left-small:1.92%;\" data-scroll-devices=\"small-visibility,medium-visibility,large-visibility\"><div class=\"fusion-column-wrapper fusion-column-has-shadow fusion-flex-justify-content-flex-start fusion-content-layout-column\"><div class=\"fusion-text fusion-text-3\"><h2>Contr\u00f4le des propri\u00e9t\u00e9s d\u2019amortissement<\/h2>\n<p>\u00c0 l\u2019aide d\u2019un \u00e9quipement professionnel, nous d\u00e9terminons la valeur HIC sur place. La mesure est effectu\u00e9e plusieurs fois et \u00e0 diff\u00e9rents endroits de l\u2019aire de jeux. L\u2019indicateur ainsi obtenu indique si la protection antichute existante est suffisante pour la hauteur de chute correspondante. Plus la valeur HIC est basse, mieux la t\u00eate est prot\u00e9g\u00e9e. Pour une valeur HIC de 1000, le risque de blessures potentiellement mortelles est de 15 %, alors qu\u2019il est de 90 % pour une valeur de 2000.<\/p>\n<\/div><div ><a class=\"fusion-button button-flat fusion-button-default-size button-custom fusion-button-default button-1 fusion-button-default-span fusion-button-default-type\" style=\"--button_accent_color:var(--awb-color5);--button_accent_hover_color:var(--awb-color1);--button_border_hover_color:var(--awb-color1);--button_gradient_top_color:var(--awb-color1);--button_gradient_bottom_color:var(--awb-color1);--button_gradient_top_color_hover:var(--awb-color5);--button_gradient_bottom_color_hover:var(--awb-color5);--button_text_transform:uppercase;--button_font_size:22px;--button_typography-letter-spacing:0.04em;--button_typography-font-family:&quot;Ciutadella Bold&quot;;--button_typography-font-style:normal;--button_typography-font-weight:400;--button_margin-bottom:30px;\" target=\"_self\" href=\"https:\/\/creaplay.swiss\/fr\/inspections\/\"><span class=\"fusion-button-text awb-button__text awb-button__text--default\">Nos proc\u00e9d\u00e9s d&rsquo;inspection<\/span><\/a><\/div><\/div><\/div><\/div><\/div><div class=\"fusion-fullwidth fullwidth-box fusion-builder-row-3 fusion-flex-container has-pattern-background has-mask-background nonhundred-percent-fullwidth non-hundred-percent-height-scrolling\" style=\"--awb-border-radius-top-left:0px;--awb-border-radius-top-right:0px;--awb-border-radius-bottom-right:0px;--awb-border-radius-bottom-left:0px;--awb-flex-wrap:wrap;\" ><div class=\"fusion-builder-row fusion-row fusion-flex-align-items-flex-start fusion-flex-content-wrap\" style=\"max-width:1248px;margin-left: calc(-4% \/ 2 );margin-right: calc(-4% \/ 2 );\"><div class=\"fusion-layout-column fusion_builder_column fusion-builder-column-3 fusion_builder_column_1_1 1_1 fusion-flex-column\" style=\"--awb-bg-size:cover;--awb-border-color:var(--awb-color1);--awb-border-top:2px;--awb-border-style:solid;--awb-width-large:100%;--awb-margin-top-large:0px;--awb-spacing-right-large:1.92%;--awb-margin-bottom-large:50px;--awb-spacing-left-large:1.92%;--awb-width-medium:100%;--awb-order-medium:0;--awb-spacing-right-medium:1.92%;--awb-spacing-left-medium:1.92%;--awb-width-small:100%;--awb-order-small:0;--awb-spacing-right-small:1.92%;--awb-spacing-left-small:1.92%;\" data-scroll-devices=\"small-visibility,medium-visibility,large-visibility\"><div class=\"fusion-column-wrapper fusion-column-has-shadow fusion-flex-justify-content-flex-start fusion-content-layout-column\"><div class=\"fusion-text fusion-text-4\"><h2>Qu\u2019est-ce que la valeur HIC<\/h2>\n<p>La valeur HIC s\u2019est \u00e9tablie comme valeur permettant de d\u00e9terminer les forces agissant sur la t\u00eate et le risque de blessure qui en d\u00e9coule. Originaire de l\u2019industrie automobile et de la recherche sur les blessures \u00e0 la t\u00eate dans le football am\u00e9ricain, elle repr\u00e9sente aujourd\u2019hui l\u2019indicateur de gravit\u00e9 utilis\u00e9 \u00e0 l\u2019\u00e9chelle internationale. La m\u00e9thode de mesure HIC est utilis\u00e9e pour \u00e9valuer les diff\u00e9rents mat\u00e9riaux avec des propri\u00e9t\u00e9s d\u2019amortissement des chocs. Pour les mat\u00e9riaux antichute sur les aires de jeux, une valeur HIC de 1000 ou une valeur gmax de 200 est utilis\u00e9e comme limite sup\u00e9rieure. Ces valeurs limites ont pour but d\u2019\u00e9viter toute blessure \u00e0 la t\u00eate entra\u00eenant des dommages durables en cas de chute.<\/p>\n<\/div><\/div><\/div><\/div><\/div><div class=\"fusion-fullwidth fullwidth-box fusion-builder-row-4 fusion-flex-container has-pattern-background has-mask-background nonhundred-percent-fullwidth non-hundred-percent-height-scrolling\" style=\"--awb-border-radius-top-left:0px;--awb-border-radius-top-right:0px;--awb-border-radius-bottom-right:0px;--awb-border-radius-bottom-left:0px;--awb-flex-wrap:wrap;\" ><div class=\"fusion-builder-row fusion-row fusion-flex-align-items-flex-start fusion-flex-content-wrap\" style=\"max-width:1248px;margin-left: calc(-4% \/ 2 );margin-right: calc(-4% \/ 2 );\"><div class=\"fusion-layout-column fusion_builder_column fusion-builder-column-4 fusion_builder_column_1_1 1_1 fusion-flex-column\" style=\"--awb-bg-size:cover;--awb-width-large:100%;--awb-margin-top-large:50px;--awb-spacing-right-large:1.92%;--awb-margin-bottom-large:20px;--awb-spacing-left-large:1.92%;--awb-width-medium:100%;--awb-order-medium:0;--awb-spacing-right-medium:1.92%;--awb-spacing-left-medium:1.92%;--awb-width-small:100%;--awb-order-small:0;--awb-spacing-right-small:1.92%;--awb-spacing-left-small:1.92%;\" data-scroll-devices=\"small-visibility,medium-visibility,large-visibility\"><div class=\"fusion-column-wrapper fusion-column-has-shadow fusion-flex-justify-content-flex-start fusion-content-layout-column\"><div class=\"fusion-text fusion-text-5\"><p><strong>Vous voulez en savoir plus sur nos tests HIC et sur la mani\u00e8re dont vous pouvez contribuer \u00e0 la s\u00e9curit\u00e9 de votre aire de jeux? Contactez-nous maintenant!<\/strong><\/p>\n<\/div><div ><a class=\"fusion-button button-flat fusion-button-default-size button-custom fusion-button-default button-2 fusion-button-default-span fusion-button-default-type\" style=\"--button_accent_color:var(--awb-color5);--button_accent_hover_color:var(--awb-color1);--button_border_hover_color:var(--awb-color1);--button_gradient_top_color:var(--awb-color1);--button_gradient_bottom_color:var(--awb-color1);--button_gradient_top_color_hover:var(--awb-color5);--button_gradient_bottom_color_hover:var(--awb-color5);--button_text_transform:uppercase;--button_font_size:22px;--button_typography-letter-spacing:0.04em;--button_typography-font-family:&quot;Ciutadella Bold&quot;;--button_typography-font-style:normal;--button_typography-font-weight:400;--button_margin-bottom:30px;\" target=\"_self\" href=\"https:\/\/creaplay.swiss\/fr\/contact\/#adresse\"><span class=\"fusion-button-text awb-button__text awb-button__text--default\">Nous sommes \u00e0 votre disposition<\/span><\/a><\/div><\/div><\/div><\/div><\/div><\/p>\n","protected":false},"excerpt":{"rendered":"","protected":false},"author":1,"featured_media":538,"parent":0,"menu_order":0,"comment_status":"closed","ping_status":"closed","template":"100-width.php","meta":{"footnotes":""},"class_list":["post-533","page","type-page","status-publish","has-post-thumbnail","hentry"],"yoast_head":"<!-- This site is optimized with the Yoast SEO plugin v27.5 - https:\/\/yoast.com\/product\/yoast-seo-wordpress\/ -->\n<title>TESTS HIC - creaplay AG<\/title>\n<meta name=\"robots\" content=\"index, follow, max-snippet:-1, max-image-preview:large, max-video-preview:-1\" \/>\n<link rel=\"canonical\" href=\"https:\/\/creaplay.swiss\/fr\/tests-hic\/\" \/>\n<script type=\"application\/ld+json\" class=\"yoast-schema-graph\">{\"@context\":\"https:\\\/\\\/schema.org\",\"@graph\":[{\"@type\":\"WebPage\",\"@id\":\"https:\\\/\\\/creaplay.swiss\\\/fr\\\/tests-hic\\\/\",\"url\":\"https:\\\/\\\/creaplay.swiss\\\/fr\\\/tests-hic\\\/\",\"name\":\"TESTS HIC - creaplay AG\",\"isPartOf\":{\"@id\":\"https:\\\/\\\/creaplay.swiss\\\/#website\"},\"primaryImageOfPage\":{\"@id\":\"https:\\\/\\\/creaplay.swiss\\\/fr\\\/tests-hic\\\/#primaryimage\"},\"image\":{\"@id\":\"https:\\\/\\\/creaplay.swiss\\\/fr\\\/tests-hic\\\/#primaryimage\"},\"thumbnailUrl\":\"https:\\\/\\\/creaplay.swiss\\\/wp-content\\\/uploads\\\/2023\\\/09\\\/creaplay-Spielplatzsicherheit-21.jpg\",\"datePublished\":\"2023-09-19T09:56:38+00:00\",\"dateModified\":\"2023-09-28T11:18:25+00:00\",\"breadcrumb\":{\"@id\":\"https:\\\/\\\/creaplay.swiss\\\/fr\\\/tests-hic\\\/#breadcrumb\"},\"inLanguage\":\"fr-FR\",\"potentialAction\":[{\"@type\":\"ReadAction\",\"target\":[\"https:\\\/\\\/creaplay.swiss\\\/fr\\\/tests-hic\\\/\"]}]},{\"@type\":\"ImageObject\",\"inLanguage\":\"fr-FR\",\"@id\":\"https:\\\/\\\/creaplay.swiss\\\/fr\\\/tests-hic\\\/#primaryimage\",\"url\":\"https:\\\/\\\/creaplay.swiss\\\/wp-content\\\/uploads\\\/2023\\\/09\\\/creaplay-Spielplatzsicherheit-21.jpg\",\"contentUrl\":\"https:\\\/\\\/creaplay.swiss\\\/wp-content\\\/uploads\\\/2023\\\/09\\\/creaplay-Spielplatzsicherheit-21.jpg\",\"width\":2000,\"height\":1335},{\"@type\":\"BreadcrumbList\",\"@id\":\"https:\\\/\\\/creaplay.swiss\\\/fr\\\/tests-hic\\\/#breadcrumb\",\"itemListElement\":[{\"@type\":\"ListItem\",\"position\":1,\"name\":\"Startseite\",\"item\":\"https:\\\/\\\/creaplay.swiss\\\/fr\\\/\"},{\"@type\":\"ListItem\",\"position\":2,\"name\":\"TESTS HIC\"}]},{\"@type\":\"WebSite\",\"@id\":\"https:\\\/\\\/creaplay.swiss\\\/#website\",\"url\":\"https:\\\/\\\/creaplay.swiss\\\/\",\"name\":\"creaplay AG\",\"description\":\"S\u00e9curit\u00e9 des aires de jeux\",\"publisher\":{\"@id\":\"https:\\\/\\\/creaplay.swiss\\\/#organization\"},\"potentialAction\":[{\"@type\":\"SearchAction\",\"target\":{\"@type\":\"EntryPoint\",\"urlTemplate\":\"https:\\\/\\\/creaplay.swiss\\\/?s={search_term_string}\"},\"query-input\":{\"@type\":\"PropertyValueSpecification\",\"valueRequired\":true,\"valueName\":\"search_term_string\"}}],\"inLanguage\":\"fr-FR\"},{\"@type\":\"Organization\",\"@id\":\"https:\\\/\\\/creaplay.swiss\\\/#organization\",\"name\":\"creaplay AG\",\"url\":\"https:\\\/\\\/creaplay.swiss\\\/\",\"logo\":{\"@type\":\"ImageObject\",\"inLanguage\":\"fr-FR\",\"@id\":\"https:\\\/\\\/creaplay.swiss\\\/#\\\/schema\\\/logo\\\/image\\\/\",\"url\":\"https:\\\/\\\/creaplay.swiss\\\/wp-content\\\/uploads\\\/2023\\\/09\\\/creaplay-Logo.jpg\",\"contentUrl\":\"https:\\\/\\\/creaplay.swiss\\\/wp-content\\\/uploads\\\/2023\\\/09\\\/creaplay-Logo.jpg\",\"width\":627,\"height\":363,\"caption\":\"creaplay AG\"},\"image\":{\"@id\":\"https:\\\/\\\/creaplay.swiss\\\/#\\\/schema\\\/logo\\\/image\\\/\"}}]}<\/script>\n<!-- \/ Yoast SEO plugin. -->","yoast_head_json":{"title":"TESTS HIC - creaplay AG","robots":{"index":"index","follow":"follow","max-snippet":"max-snippet:-1","max-image-preview":"max-image-preview:large","max-video-preview":"max-video-preview:-1"},"canonical":"https:\/\/creaplay.swiss\/fr\/tests-hic\/","schema":{"@context":"https:\/\/schema.org","@graph":[{"@type":"WebPage","@id":"https:\/\/creaplay.swiss\/fr\/tests-hic\/","url":"https:\/\/creaplay.swiss\/fr\/tests-hic\/","name":"TESTS HIC - creaplay AG","isPartOf":{"@id":"https:\/\/creaplay.swiss\/#website"},"primaryImageOfPage":{"@id":"https:\/\/creaplay.swiss\/fr\/tests-hic\/#primaryimage"},"image":{"@id":"https:\/\/creaplay.swiss\/fr\/tests-hic\/#primaryimage"},"thumbnailUrl":"https:\/\/creaplay.swiss\/wp-content\/uploads\/2023\/09\/creaplay-Spielplatzsicherheit-21.jpg","datePublished":"2023-09-19T09:56:38+00:00","dateModified":"2023-09-28T11:18:25+00:00","breadcrumb":{"@id":"https:\/\/creaplay.swiss\/fr\/tests-hic\/#breadcrumb"},"inLanguage":"fr-FR","potentialAction":[{"@type":"ReadAction","target":["https:\/\/creaplay.swiss\/fr\/tests-hic\/"]}]},{"@type":"ImageObject","inLanguage":"fr-FR","@id":"https:\/\/creaplay.swiss\/fr\/tests-hic\/#primaryimage","url":"https:\/\/creaplay.swiss\/wp-content\/uploads\/2023\/09\/creaplay-Spielplatzsicherheit-21.jpg","contentUrl":"https:\/\/creaplay.swiss\/wp-content\/uploads\/2023\/09\/creaplay-Spielplatzsicherheit-21.jpg","width":2000,"height":1335},{"@type":"BreadcrumbList","@id":"https:\/\/creaplay.swiss\/fr\/tests-hic\/#breadcrumb","itemListElement":[{"@type":"ListItem","position":1,"name":"Startseite","item":"https:\/\/creaplay.swiss\/fr\/"},{"@type":"ListItem","position":2,"name":"TESTS HIC"}]},{"@type":"WebSite","@id":"https:\/\/creaplay.swiss\/#website","url":"https:\/\/creaplay.swiss\/","name":"creaplay AG","description":"S\u00e9curit\u00e9 des aires de jeux","publisher":{"@id":"https:\/\/creaplay.swiss\/#organization"},"potentialAction":[{"@type":"SearchAction","target":{"@type":"EntryPoint","urlTemplate":"https:\/\/creaplay.swiss\/?s={search_term_string}"},"query-input":{"@type":"PropertyValueSpecification","valueRequired":true,"valueName":"search_term_string"}}],"inLanguage":"fr-FR"},{"@type":"Organization","@id":"https:\/\/creaplay.swiss\/#organization","name":"creaplay AG","url":"https:\/\/creaplay.swiss\/","logo":{"@type":"ImageObject","inLanguage":"fr-FR","@id":"https:\/\/creaplay.swiss\/#\/schema\/logo\/image\/","url":"https:\/\/creaplay.swiss\/wp-content\/uploads\/2023\/09\/creaplay-Logo.jpg","contentUrl":"https:\/\/creaplay.swiss\/wp-content\/uploads\/2023\/09\/creaplay-Logo.jpg","width":627,"height":363,"caption":"creaplay AG"},"image":{"@id":"https:\/\/creaplay.swiss\/#\/schema\/logo\/image\/"}}]}},"_links":{"self":[{"href":"https:\/\/creaplay.swiss\/fr\/wp-json\/wp\/v2\/pages\/533","targetHints":{"allow":["GET"]}}],"collection":[{"href":"https:\/\/creaplay.swiss\/fr\/wp-json\/wp\/v2\/pages"}],"about":[{"href":"https:\/\/creaplay.swiss\/fr\/wp-json\/wp\/v2\/types\/page"}],"author":[{"embeddable":true,"href":"https:\/\/creaplay.swiss\/fr\/wp-json\/wp\/v2\/users\/1"}],"replies":[{"embeddable":true,"href":"https:\/\/creaplay.swiss\/fr\/wp-json\/wp\/v2\/comments?post=533"}],"version-history":[{"count":5,"href":"https:\/\/creaplay.swiss\/fr\/wp-json\/wp\/v2\/pages\/533\/revisions"}],"predecessor-version":[{"id":625,"href":"https:\/\/creaplay.swiss\/fr\/wp-json\/wp\/v2\/pages\/533\/revisions\/625"}],"wp:featuredmedia":[{"embeddable":true,"href":"https:\/\/creaplay.swiss\/fr\/wp-json\/wp\/v2\/media\/538"}],"wp:attachment":[{"href":"https:\/\/creaplay.swiss\/fr\/wp-json\/wp\/v2\/media?parent=533"}],"curies":[{"name":"wp","href":"https:\/\/api.w.org\/{rel}","templated":true}]}}