{"id":561,"date":"2023-09-19T09:56:08","date_gmt":"2023-09-19T09:56:08","guid":{"rendered":"https:\/\/creaplay.swiss\/receptions\/"},"modified":"2023-09-28T11:19:26","modified_gmt":"2023-09-28T11:19:26","slug":"receptions","status":"publish","type":"page","link":"https:\/\/creaplay.swiss\/fr\/receptions\/","title":{"rendered":"R\u00e9ceptions"},"content":{"rendered":"<p><div class=\"fusion-fullwidth fullwidth-box fusion-builder-row-1 fusion-flex-container has-pattern-background has-mask-background nonhundred-percent-fullwidth non-hundred-percent-height-scrolling\" style=\"--awb-border-radius-top-left:0px;--awb-border-radius-top-right:0px;--awb-border-radius-bottom-right:0px;--awb-border-radius-bottom-left:0px;--awb-margin-bottom:50px;--awb-flex-wrap:wrap;\" ><div class=\"fusion-builder-row fusion-row fusion-flex-align-items-flex-start fusion-flex-content-wrap\" style=\"max-width:1248px;margin-left: calc(-4% \/ 2 );margin-right: calc(-4% \/ 2 );\"><div class=\"fusion-layout-column fusion_builder_column fusion-builder-column-0 fusion_builder_column_1_1 1_1 fusion-flex-column\" style=\"--awb-bg-size:cover;--awb-width-large:100%;--awb-margin-top-large:0px;--awb-spacing-right-large:1.92%;--awb-margin-bottom-large:20px;--awb-spacing-left-large:1.92%;--awb-width-medium:100%;--awb-order-medium:0;--awb-spacing-right-medium:1.92%;--awb-spacing-left-medium:1.92%;--awb-width-small:100%;--awb-order-small:0;--awb-spacing-right-small:1.92%;--awb-spacing-left-small:1.92%;\"><div class=\"fusion-column-wrapper fusion-column-has-shadow fusion-flex-justify-content-flex-start fusion-content-layout-column\"><div class=\"fusion-text fusion-text-1\"><h1>R\u00e9ceptions pour la s\u00e9curit\u00e9 des aires de jeux<\/h1>\n<\/div><div class=\"fusion-image-element fusion-no-small-visibility\" style=\"--awb-max-width:350px;--awb-caption-title-font-family:var(--h2_typography-font-family);--awb-caption-title-font-weight:var(--h2_typography-font-weight);--awb-caption-title-font-style:var(--h2_typography-font-style);--awb-caption-title-size:var(--h2_typography-font-size);--awb-caption-title-transform:var(--h2_typography-text-transform);--awb-caption-title-line-height:var(--h2_typography-line-height);--awb-caption-title-letter-spacing:var(--h2_typography-letter-spacing);\"><span class=\" fusion-imageframe imageframe-none imageframe-1 hover-type-none\"><img decoding=\"async\" width=\"800\" height=\"503\" title=\"creaplay-Spielplatzsicherheit-6\" src=\"https:\/\/creaplay.swiss\/wp-content\/uploads\/2023\/09\/creaplay-Spielplatzsicherheit-6.png\" data-orig-src=\"https:\/\/creaplay.swiss\/wp-content\/uploads\/2023\/09\/creaplay-Spielplatzsicherheit-6.png\" alt class=\"lazyload img-responsive wp-image-563\" srcset=\"data:image\/svg+xml,%3Csvg%20xmlns%3D%27http%3A%2F%2Fwww.w3.org%2F2000%2Fsvg%27%20width%3D%27800%27%20height%3D%27503%27%20viewBox%3D%270%200%20800%20503%27%3E%3Crect%20width%3D%27800%27%20height%3D%27503%27%20fill-opacity%3D%220%22%2F%3E%3C%2Fsvg%3E\" data-srcset=\"https:\/\/creaplay.swiss\/wp-content\/uploads\/2023\/09\/creaplay-Spielplatzsicherheit-6-200x126.png 200w, https:\/\/creaplay.swiss\/wp-content\/uploads\/2023\/09\/creaplay-Spielplatzsicherheit-6-400x252.png 400w, https:\/\/creaplay.swiss\/wp-content\/uploads\/2023\/09\/creaplay-Spielplatzsicherheit-6-600x377.png 600w, https:\/\/creaplay.swiss\/wp-content\/uploads\/2023\/09\/creaplay-Spielplatzsicherheit-6.png 800w\" data-sizes=\"auto\" data-orig-sizes=\"(max-width: 640px) 100vw, 800px\" \/><\/span><\/div><\/div><\/div><\/div><\/div><div class=\"fusion-fullwidth fullwidth-box fusion-builder-row-2 fusion-flex-container has-pattern-background has-mask-background nonhundred-percent-fullwidth non-hundred-percent-height-scrolling\" style=\"--awb-border-radius-top-left:0px;--awb-border-radius-top-right:0px;--awb-border-radius-bottom-right:0px;--awb-border-radius-bottom-left:0px;--awb-flex-wrap:wrap;\" ><div class=\"fusion-builder-row fusion-row fusion-flex-align-items-flex-start fusion-flex-content-wrap\" style=\"max-width:1248px;margin-left: calc(-4% \/ 2 );margin-right: calc(-4% \/ 2 );\"><div class=\"fusion-layout-column fusion_builder_column fusion-builder-column-1 fusion_builder_column_1_2 1_2 fusion-flex-column\" style=\"--awb-bg-size:cover;--awb-border-color:var(--awb-color1);--awb-border-top:2px;--awb-border-style:solid;--awb-width-large:50%;--awb-margin-top-large:0px;--awb-spacing-right-large:3.84%;--awb-margin-bottom-large:50px;--awb-spacing-left-large:3.84%;--awb-width-medium:50%;--awb-order-medium:0;--awb-spacing-right-medium:3.84%;--awb-spacing-left-medium:3.84%;--awb-width-small:100%;--awb-order-small:0;--awb-spacing-right-small:1.92%;--awb-spacing-left-small:1.92%;\" data-scroll-devices=\"small-visibility,medium-visibility,large-visibility\"><div class=\"fusion-column-wrapper fusion-column-has-shadow fusion-flex-justify-content-flex-start fusion-content-layout-column\"><div class=\"fusion-text fusion-text-2\"><h2>L&rsquo;importance de la s\u00e9curit\u00e9 sur les aires de jeux<\/h2>\n<p>Les enfants doivent pouvoir jouer en toute s\u00e9curit\u00e9 et d\u00e9velopper leurs capacit\u00e9s physiques et cognitives en jouant sur une aire de jeux. Les petits accidents, comme les contusions, les bosses ou m\u00eame une simple fracture, font partie de l\u2019apprentissage. Les aires de jeux encouragent et d\u00e9veloppent le comportement d\u2019autoprotection, ce qui permet aux enfants de mieux \u00e9valuer les dangers.<\/p>\n<\/div><\/div><\/div><div class=\"fusion-layout-column fusion_builder_column fusion-builder-column-2 fusion_builder_column_1_2 1_2 fusion-flex-column\" style=\"--awb-bg-size:cover;--awb-border-color:var(--awb-color1);--awb-border-top:2px;--awb-border-style:solid;--awb-width-large:50%;--awb-margin-top-large:0px;--awb-spacing-right-large:3.84%;--awb-margin-bottom-large:50px;--awb-spacing-left-large:3.84%;--awb-width-medium:50%;--awb-order-medium:0;--awb-spacing-right-medium:3.84%;--awb-spacing-left-medium:3.84%;--awb-width-small:100%;--awb-order-small:0;--awb-spacing-right-small:1.92%;--awb-spacing-left-small:1.92%;\" data-scroll-devices=\"small-visibility,medium-visibility,large-visibility\"><div class=\"fusion-column-wrapper fusion-column-has-shadow fusion-flex-justify-content-flex-start fusion-content-layout-column\"><div class=\"fusion-text fusion-text-3\"><h2>Objectif du contr\u00f4le des aires de jeux<\/h2>\n<p>Le contr\u00f4le des aires de jeux vise \u00e0 mettre en \u00e9vidence les risques \u00ab incalculables \u00bb et les d\u00e9fauts techniques, tout en contribuant \u00e0 simplifier l\u2019entretien des aires de jeux. Nous effectuons des contr\u00f4les aussi bien pour les aires neuves que pour les aires existantes.<\/p>\n<\/div><div ><a class=\"fusion-button button-flat fusion-button-default-size button-custom fusion-button-default button-1 fusion-button-default-span fusion-button-default-type\" style=\"--button_accent_color:var(--awb-color5);--button_accent_hover_color:var(--awb-color1);--button_border_hover_color:var(--awb-color1);--button_gradient_top_color:var(--awb-color1);--button_gradient_bottom_color:var(--awb-color1);--button_gradient_top_color_hover:var(--awb-color5);--button_gradient_bottom_color_hover:var(--awb-color5);--button_text_transform:uppercase;--button_font_size:22px;--button_typography-letter-spacing:0.04em;--button_typography-font-family:&quot;Ciutadella Bold&quot;;--button_typography-font-style:normal;--button_typography-font-weight:400;--button_margin-bottom:30px;\" target=\"_self\" href=\"https:\/\/creaplay.swiss\/fr\/inspections\/\"><span class=\"fusion-button-text awb-button__text awb-button__text--default\">Plus sur nos types d&rsquo;inspection<\/span><\/a><\/div><\/div><\/div><\/div><\/div><div class=\"fusion-fullwidth fullwidth-box fusion-builder-row-3 fusion-flex-container has-pattern-background has-mask-background nonhundred-percent-fullwidth non-hundred-percent-height-scrolling\" style=\"--awb-border-radius-top-left:0px;--awb-border-radius-top-right:0px;--awb-border-radius-bottom-right:0px;--awb-border-radius-bottom-left:0px;--awb-flex-wrap:wrap;\" ><div class=\"fusion-builder-row fusion-row fusion-flex-align-items-flex-start fusion-flex-content-wrap\" style=\"max-width:1248px;margin-left: calc(-4% \/ 2 );margin-right: calc(-4% \/ 2 );\"><div class=\"fusion-layout-column fusion_builder_column fusion-builder-column-3 fusion_builder_column_1_2 1_2 fusion-flex-column\" style=\"--awb-bg-size:cover;--awb-border-color:var(--awb-color1);--awb-border-top:2px;--awb-border-style:solid;--awb-width-large:50%;--awb-margin-top-large:0px;--awb-spacing-right-large:3.84%;--awb-margin-bottom-large:50px;--awb-spacing-left-large:3.84%;--awb-width-medium:50%;--awb-order-medium:0;--awb-spacing-right-medium:3.84%;--awb-spacing-left-medium:3.84%;--awb-width-small:100%;--awb-order-small:0;--awb-spacing-right-small:1.92%;--awb-spacing-left-small:1.92%;\" data-scroll-devices=\"small-visibility,medium-visibility,large-visibility\"><div class=\"fusion-column-wrapper fusion-column-has-shadow fusion-flex-justify-content-flex-start fusion-content-layout-column\"><div class=\"fusion-text fusion-text-4\"><h2>Processus de r\u00e9ception des aires neuves<\/h2>\n<p>Juste avant la mise en service de l\u2019aire, la r\u00e9ception de base atteste de la s\u00e9curit\u00e9 de fonctionnement de l\u2019aire. Elle est r\u00e9alis\u00e9e par une ou un sp\u00e9cialiste qualifi\u00e9 en aires de jeux. L\u2019\u00e9valuation porte sur le niveau de s\u00e9curit\u00e9 g\u00e9n\u00e9ral des \u00e9quipements de l\u2019aire de jeux ainsi que de l\u2019environnement imm\u00e9diat de l\u2019aire. Le rapport \u00e9crit sert \u00e9galement de base \u00e0 un contrat d&rsquo;entretien.<\/p>\n<\/div><\/div><\/div><div class=\"fusion-layout-column fusion_builder_column fusion-builder-column-4 fusion_builder_column_1_2 1_2 fusion-flex-column\" style=\"--awb-bg-size:cover;--awb-border-color:var(--awb-color1);--awb-border-top:2px;--awb-border-style:solid;--awb-width-large:50%;--awb-margin-top-large:0px;--awb-spacing-right-large:3.84%;--awb-margin-bottom-large:50px;--awb-spacing-left-large:3.84%;--awb-width-medium:50%;--awb-order-medium:0;--awb-spacing-right-medium:3.84%;--awb-spacing-left-medium:3.84%;--awb-width-small:100%;--awb-order-small:0;--awb-spacing-right-small:1.92%;--awb-spacing-left-small:1.92%;\" data-scroll-devices=\"small-visibility,medium-visibility,large-visibility\"><div class=\"fusion-column-wrapper fusion-column-has-shadow fusion-flex-justify-content-flex-start fusion-content-layout-column\"><div class=\"fusion-text fusion-text-5\"><h2>Processus de r\u00e9ception pour les aires existantes<\/h2>\n<p>La r\u00e9ception est effectu\u00e9e par un sp\u00e9cialiste qualifi\u00e9 en aires de jeux. Outre le niveau de s\u00e9curit\u00e9 de l\u2019aire, il \u00e9value \u00e9galement les influences m\u00e9t\u00e9orologiques (pourriture et corrosion). Les \u00e9ventuelles modifications, les r\u00e9parations effectu\u00e9es et les \u00e9l\u00e9ments ajout\u00e9s font \u00e9galement partie du contr\u00f4le. Le rapport \u00e9crit doit pr\u00e9senter les mesures possibles.<\/p>\n<\/div><\/div><\/div><\/div><\/div><div class=\"fusion-fullwidth fullwidth-box fusion-builder-row-4 fusion-flex-container has-pattern-background has-mask-background nonhundred-percent-fullwidth non-hundred-percent-height-scrolling\" style=\"--awb-border-radius-top-left:0px;--awb-border-radius-top-right:0px;--awb-border-radius-bottom-right:0px;--awb-border-radius-bottom-left:0px;--awb-flex-wrap:wrap;\" ><div class=\"fusion-builder-row fusion-row fusion-flex-align-items-flex-start fusion-flex-content-wrap\" style=\"max-width:1248px;margin-left: calc(-4% \/ 2 );margin-right: calc(-4% \/ 2 );\"><div class=\"fusion-layout-column fusion_builder_column fusion-builder-column-5 fusion_builder_column_1_1 1_1 fusion-flex-column\" style=\"--awb-bg-size:cover;--awb-border-color:var(--awb-color1);--awb-border-top:2px;--awb-border-style:solid;--awb-width-large:100%;--awb-margin-top-large:0px;--awb-spacing-right-large:1.92%;--awb-margin-bottom-large:50px;--awb-spacing-left-large:1.92%;--awb-width-medium:100%;--awb-order-medium:0;--awb-spacing-right-medium:1.92%;--awb-spacing-left-medium:1.92%;--awb-width-small:100%;--awb-order-small:0;--awb-spacing-right-small:1.92%;--awb-spacing-left-small:1.92%;\" data-scroll-devices=\"small-visibility,medium-visibility,large-visibility\"><div class=\"fusion-column-wrapper fusion-column-has-shadow fusion-flex-justify-content-flex-start fusion-content-layout-column\"><div class=\"fusion-text fusion-text-6\"><h2>La norme de s\u00e9curit\u00e9 obligatoire depuis 1998<\/h2>\n<p>Depuis 1998, une norme de s\u00e9curit\u00e9 s&rsquo;applique de mani\u00e8re contraignante aux aires de jeux publiques. Sont consid\u00e9r\u00e9es comme publiques les aires dont l\u2019acc\u00e8s est majoritairement libre. Les contr\u00f4les professionnels des aires de jeux garantissent la s\u00e9curit\u00e9 des aires de jeux pour les enfants. Les d\u00e9fauts techniques, les points de coincement ou l\u2019usure des \u00e9quipements compromettent aussi la s\u00e9curit\u00e9 des aires de jeux et donc celle des enfants.<\/p>\n<\/div><\/div><\/div><\/div><\/div><div class=\"fusion-fullwidth fullwidth-box fusion-builder-row-5 fusion-flex-container has-pattern-background has-mask-background nonhundred-percent-fullwidth non-hundred-percent-height-scrolling\" style=\"--awb-border-radius-top-left:0px;--awb-border-radius-top-right:0px;--awb-border-radius-bottom-right:0px;--awb-border-radius-bottom-left:0px;--awb-flex-wrap:wrap;\" ><div class=\"fusion-builder-row fusion-row fusion-flex-align-items-flex-start fusion-flex-content-wrap\" style=\"max-width:1248px;margin-left: calc(-4% \/ 2 );margin-right: calc(-4% \/ 2 );\"><div class=\"fusion-layout-column fusion_builder_column fusion-builder-column-6 fusion_builder_column_1_1 1_1 fusion-flex-column\" style=\"--awb-bg-size:cover;--awb-width-large:100%;--awb-margin-top-large:0px;--awb-spacing-right-large:1.92%;--awb-margin-bottom-large:20px;--awb-spacing-left-large:1.92%;--awb-width-medium:100%;--awb-order-medium:0;--awb-spacing-right-medium:1.92%;--awb-spacing-left-medium:1.92%;--awb-width-small:100%;--awb-order-small:0;--awb-spacing-right-small:1.92%;--awb-spacing-left-small:1.92%;\"><div class=\"fusion-column-wrapper fusion-column-has-shadow fusion-flex-justify-content-flex-start fusion-content-layout-column\"><div class=\"fusion-text fusion-text-7\" style=\"--awb-margin-top:50px;\"><p><strong>Vous voulez en savoir plus sur notre processus de r\u00e9ception? Contactez-nous maintenant!<\/strong><\/p>\n<\/div><div ><a class=\"fusion-button button-flat fusion-button-default-size button-custom fusion-button-default button-2 fusion-button-default-span fusion-button-default-type\" style=\"--button_accent_color:var(--awb-color5);--button_accent_hover_color:var(--awb-color1);--button_border_hover_color:var(--awb-color1);--button_gradient_top_color:var(--awb-color1);--button_gradient_bottom_color:var(--awb-color1);--button_gradient_top_color_hover:var(--awb-color5);--button_gradient_bottom_color_hover:var(--awb-color5);--button_text_transform:uppercase;--button_font_size:22px;--button_typography-letter-spacing:0.04em;--button_typography-font-family:&quot;Ciutadella Bold&quot;;--button_typography-font-style:normal;--button_typography-font-weight:400;--button_margin-bottom:30px;\" target=\"_self\" href=\"https:\/\/creaplay.swiss\/fr\/contact\/#adresse\"><span class=\"fusion-button-text awb-button__text awb-button__text--default\">Contact<\/span><\/a><\/div><\/div><\/div><\/div><\/div><\/p>\n","protected":false},"excerpt":{"rendered":"","protected":false},"author":1,"featured_media":566,"parent":0,"menu_order":0,"comment_status":"closed","ping_status":"closed","template":"100-width.php","meta":{"footnotes":""},"class_list":["post-561","page","type-page","status-publish","has-post-thumbnail","hentry"],"yoast_head":"<!-- This site is optimized with the Yoast SEO plugin v27.5 - https:\/\/yoast.com\/product\/yoast-seo-wordpress\/ -->\n<title>R\u00e9ceptions - creaplay AG<\/title>\n<meta name=\"robots\" content=\"index, follow, max-snippet:-1, max-image-preview:large, max-video-preview:-1\" \/>\n<link rel=\"canonical\" href=\"https:\/\/creaplay.swiss\/fr\/receptions\/\" \/>\n<script type=\"application\/ld+json\" class=\"yoast-schema-graph\">{\"@context\":\"https:\\\/\\\/schema.org\",\"@graph\":[{\"@type\":\"WebPage\",\"@id\":\"https:\\\/\\\/creaplay.swiss\\\/fr\\\/receptions\\\/\",\"url\":\"https:\\\/\\\/creaplay.swiss\\\/fr\\\/receptions\\\/\",\"name\":\"R\u00e9ceptions - creaplay AG\",\"isPartOf\":{\"@id\":\"https:\\\/\\\/creaplay.swiss\\\/#website\"},\"primaryImageOfPage\":{\"@id\":\"https:\\\/\\\/creaplay.swiss\\\/fr\\\/receptions\\\/#primaryimage\"},\"image\":{\"@id\":\"https:\\\/\\\/creaplay.swiss\\\/fr\\\/receptions\\\/#primaryimage\"},\"thumbnailUrl\":\"https:\\\/\\\/creaplay.swiss\\\/wp-content\\\/uploads\\\/2023\\\/09\\\/creaplay-Spielplatzsicherheit-14-1.jpg\",\"datePublished\":\"2023-09-19T09:56:08+00:00\",\"dateModified\":\"2023-09-28T11:19:26+00:00\",\"breadcrumb\":{\"@id\":\"https:\\\/\\\/creaplay.swiss\\\/fr\\\/receptions\\\/#breadcrumb\"},\"inLanguage\":\"fr-FR\",\"potentialAction\":[{\"@type\":\"ReadAction\",\"target\":[\"https:\\\/\\\/creaplay.swiss\\\/fr\\\/receptions\\\/\"]}]},{\"@type\":\"ImageObject\",\"inLanguage\":\"fr-FR\",\"@id\":\"https:\\\/\\\/creaplay.swiss\\\/fr\\\/receptions\\\/#primaryimage\",\"url\":\"https:\\\/\\\/creaplay.swiss\\\/wp-content\\\/uploads\\\/2023\\\/09\\\/creaplay-Spielplatzsicherheit-14-1.jpg\",\"contentUrl\":\"https:\\\/\\\/creaplay.swiss\\\/wp-content\\\/uploads\\\/2023\\\/09\\\/creaplay-Spielplatzsicherheit-14-1.jpg\",\"width\":2000,\"height\":1335},{\"@type\":\"BreadcrumbList\",\"@id\":\"https:\\\/\\\/creaplay.swiss\\\/fr\\\/receptions\\\/#breadcrumb\",\"itemListElement\":[{\"@type\":\"ListItem\",\"position\":1,\"name\":\"Startseite\",\"item\":\"https:\\\/\\\/creaplay.swiss\\\/fr\\\/\"},{\"@type\":\"ListItem\",\"position\":2,\"name\":\"R\u00e9ceptions\"}]},{\"@type\":\"WebSite\",\"@id\":\"https:\\\/\\\/creaplay.swiss\\\/#website\",\"url\":\"https:\\\/\\\/creaplay.swiss\\\/\",\"name\":\"creaplay AG\",\"description\":\"S\u00e9curit\u00e9 des aires de jeux\",\"publisher\":{\"@id\":\"https:\\\/\\\/creaplay.swiss\\\/#organization\"},\"potentialAction\":[{\"@type\":\"SearchAction\",\"target\":{\"@type\":\"EntryPoint\",\"urlTemplate\":\"https:\\\/\\\/creaplay.swiss\\\/?s={search_term_string}\"},\"query-input\":{\"@type\":\"PropertyValueSpecification\",\"valueRequired\":true,\"valueName\":\"search_term_string\"}}],\"inLanguage\":\"fr-FR\"},{\"@type\":\"Organization\",\"@id\":\"https:\\\/\\\/creaplay.swiss\\\/#organization\",\"name\":\"creaplay AG\",\"url\":\"https:\\\/\\\/creaplay.swiss\\\/\",\"logo\":{\"@type\":\"ImageObject\",\"inLanguage\":\"fr-FR\",\"@id\":\"https:\\\/\\\/creaplay.swiss\\\/#\\\/schema\\\/logo\\\/image\\\/\",\"url\":\"https:\\\/\\\/creaplay.swiss\\\/wp-content\\\/uploads\\\/2023\\\/09\\\/creaplay-Logo.jpg\",\"contentUrl\":\"https:\\\/\\\/creaplay.swiss\\\/wp-content\\\/uploads\\\/2023\\\/09\\\/creaplay-Logo.jpg\",\"width\":627,\"height\":363,\"caption\":\"creaplay AG\"},\"image\":{\"@id\":\"https:\\\/\\\/creaplay.swiss\\\/#\\\/schema\\\/logo\\\/image\\\/\"}}]}<\/script>\n<!-- \/ Yoast SEO plugin. -->","yoast_head_json":{"title":"R\u00e9ceptions - creaplay AG","robots":{"index":"index","follow":"follow","max-snippet":"max-snippet:-1","max-image-preview":"max-image-preview:large","max-video-preview":"max-video-preview:-1"},"canonical":"https:\/\/creaplay.swiss\/fr\/receptions\/","schema":{"@context":"https:\/\/schema.org","@graph":[{"@type":"WebPage","@id":"https:\/\/creaplay.swiss\/fr\/receptions\/","url":"https:\/\/creaplay.swiss\/fr\/receptions\/","name":"R\u00e9ceptions - creaplay AG","isPartOf":{"@id":"https:\/\/creaplay.swiss\/#website"},"primaryImageOfPage":{"@id":"https:\/\/creaplay.swiss\/fr\/receptions\/#primaryimage"},"image":{"@id":"https:\/\/creaplay.swiss\/fr\/receptions\/#primaryimage"},"thumbnailUrl":"https:\/\/creaplay.swiss\/wp-content\/uploads\/2023\/09\/creaplay-Spielplatzsicherheit-14-1.jpg","datePublished":"2023-09-19T09:56:08+00:00","dateModified":"2023-09-28T11:19:26+00:00","breadcrumb":{"@id":"https:\/\/creaplay.swiss\/fr\/receptions\/#breadcrumb"},"inLanguage":"fr-FR","potentialAction":[{"@type":"ReadAction","target":["https:\/\/creaplay.swiss\/fr\/receptions\/"]}]},{"@type":"ImageObject","inLanguage":"fr-FR","@id":"https:\/\/creaplay.swiss\/fr\/receptions\/#primaryimage","url":"https:\/\/creaplay.swiss\/wp-content\/uploads\/2023\/09\/creaplay-Spielplatzsicherheit-14-1.jpg","contentUrl":"https:\/\/creaplay.swiss\/wp-content\/uploads\/2023\/09\/creaplay-Spielplatzsicherheit-14-1.jpg","width":2000,"height":1335},{"@type":"BreadcrumbList","@id":"https:\/\/creaplay.swiss\/fr\/receptions\/#breadcrumb","itemListElement":[{"@type":"ListItem","position":1,"name":"Startseite","item":"https:\/\/creaplay.swiss\/fr\/"},{"@type":"ListItem","position":2,"name":"R\u00e9ceptions"}]},{"@type":"WebSite","@id":"https:\/\/creaplay.swiss\/#website","url":"https:\/\/creaplay.swiss\/","name":"creaplay AG","description":"S\u00e9curit\u00e9 des aires de jeux","publisher":{"@id":"https:\/\/creaplay.swiss\/#organization"},"potentialAction":[{"@type":"SearchAction","target":{"@type":"EntryPoint","urlTemplate":"https:\/\/creaplay.swiss\/?s={search_term_string}"},"query-input":{"@type":"PropertyValueSpecification","valueRequired":true,"valueName":"search_term_string"}}],"inLanguage":"fr-FR"},{"@type":"Organization","@id":"https:\/\/creaplay.swiss\/#organization","name":"creaplay AG","url":"https:\/\/creaplay.swiss\/","logo":{"@type":"ImageObject","inLanguage":"fr-FR","@id":"https:\/\/creaplay.swiss\/#\/schema\/logo\/image\/","url":"https:\/\/creaplay.swiss\/wp-content\/uploads\/2023\/09\/creaplay-Logo.jpg","contentUrl":"https:\/\/creaplay.swiss\/wp-content\/uploads\/2023\/09\/creaplay-Logo.jpg","width":627,"height":363,"caption":"creaplay AG"},"image":{"@id":"https:\/\/creaplay.swiss\/#\/schema\/logo\/image\/"}}]}},"_links":{"self":[{"href":"https:\/\/creaplay.swiss\/fr\/wp-json\/wp\/v2\/pages\/561","targetHints":{"allow":["GET"]}}],"collection":[{"href":"https:\/\/creaplay.swiss\/fr\/wp-json\/wp\/v2\/pages"}],"about":[{"href":"https:\/\/creaplay.swiss\/fr\/wp-json\/wp\/v2\/types\/page"}],"author":[{"embeddable":true,"href":"https:\/\/creaplay.swiss\/fr\/wp-json\/wp\/v2\/users\/1"}],"replies":[{"embeddable":true,"href":"https:\/\/creaplay.swiss\/fr\/wp-json\/wp\/v2\/comments?post=561"}],"version-history":[{"count":5,"href":"https:\/\/creaplay.swiss\/fr\/wp-json\/wp\/v2\/pages\/561\/revisions"}],"predecessor-version":[{"id":633,"href":"https:\/\/creaplay.swiss\/fr\/wp-json\/wp\/v2\/pages\/561\/revisions\/633"}],"wp:featuredmedia":[{"embeddable":true,"href":"https:\/\/creaplay.swiss\/fr\/wp-json\/wp\/v2\/media\/566"}],"wp:attachment":[{"href":"https:\/\/creaplay.swiss\/fr\/wp-json\/wp\/v2\/media?parent=561"}],"curies":[{"name":"wp","href":"https:\/\/api.w.org\/{rel}","templated":true}]}}